{"id":146,"date":"2022-12-01T13:05:46","date_gmt":"2022-12-01T13:05:46","guid":{"rendered":"http:\/\/praxis-jaensch.de\/?page_id=146"},"modified":"2022-12-01T13:05:47","modified_gmt":"2022-12-01T13:05:47","slug":"ernaehrungscoaching","status":"publish","type":"page","link":"http:\/\/praxis-jaensch.de\/?page_id=146","title":{"rendered":"Ern\u00e4hrungscoaching"},"content":{"rendered":"\n<p>F\u00fcr mehr Rezepte und Tipps und Tricks f\u00fcr eine gesunde und ausgewogene Ern\u00e4hrung folgt mir auf Facebook und Instagram.<\/p>\n\n\n\n<figure class=\"wp-container-2 wp-block-gallery-1 wp-block-gallery has-nested-images columns-default is-cropped\">\n<figure class=\"wp-block-image size-large\"><img loading=\"lazy\" width=\"768\" height=\"1024\" data-id=\"147\"  src=\"http:\/\/praxis-jaensch.de\/wp-content\/uploads\/2022\/12\/Gemuese-768x1024.jpg\" alt=\"\" class=\"wp-image-147\" srcset=\"http:\/\/praxis-jaensch.de\/wp-content\/uploads\/2022\/12\/Gemuese-768x1024.jpg 768w, http:\/\/praxis-jaensch.de\/wp-content\/uploads\/2022\/12\/Gemuese-225x300.jpg 225w, http:\/\/praxis-jaensch.de\/wp-content\/uploads\/2022\/12\/Gemuese-45x60.jpg 45w, http:\/\/praxis-jaensch.de\/wp-content\/uploads\/2022\/12\/Gemuese.jpg 810w\" sizes=\"(max-width: 768px) 100vw, 768px\" \/><\/figure>\n\n\n\n<figure class=\"wp-block-image size-large\"><img loading=\"lazy\" width=\"972\" height=\"1024\" data-id=\"151\"  src=\"http:\/\/praxis-jaensch.de\/wp-content\/uploads\/2022\/12\/Kabeljau-972x1024.jpg\" alt=\"\" class=\"wp-image-151\" srcset=\"http:\/\/praxis-jaensch.de\/wp-content\/uploads\/2022\/12\/Kabeljau-972x1024.jpg 972w, http:\/\/praxis-jaensch.de\/wp-content\/uploads\/2022\/12\/Kabeljau-285x300.jpg 285w, http:\/\/praxis-jaensch.de\/wp-content\/uploads\/2022\/12\/Kabeljau-768x809.jpg 768w, http:\/\/praxis-jaensch.de\/wp-content\/uploads\/2022\/12\/Kabeljau-57x60.jpg 57w, http:\/\/praxis-jaensch.de\/wp-content\/uploads\/2022\/12\/Kabeljau.jpg 1080w\" sizes=\"(max-width: 972px) 100vw, 972px\" \/><\/figure>\n\n\n\n<figure class=\"wp-block-image size-large\"><img loading=\"lazy\" width=\"768\" height=\"1024\" data-id=\"148\"  src=\"http:\/\/praxis-jaensch.de\/wp-content\/uploads\/2022\/12\/Kohlpfanne-768x1024.jpg\" alt=\"\" class=\"wp-image-148\" srcset=\"http:\/\/praxis-jaensch.de\/wp-content\/uploads\/2022\/12\/Kohlpfanne-768x1024.jpg 768w, http:\/\/praxis-jaensch.de\/wp-content\/uploads\/2022\/12\/Kohlpfanne-225x300.jpg 225w, http:\/\/praxis-jaensch.de\/wp-content\/uploads\/2022\/12\/Kohlpfanne-45x60.jpg 45w, http:\/\/praxis-jaensch.de\/wp-content\/uploads\/2022\/12\/Kohlpfanne.jpg 810w\" sizes=\"(max-width: 768px) 100vw, 768px\" \/><\/figure>\n\n\n\n<figure class=\"wp-block-image size-large\"><img loading=\"lazy\" width=\"768\" height=\"1024\" data-id=\"149\"  src=\"http:\/\/praxis-jaensch.de\/wp-content\/uploads\/2022\/12\/Linsensalat-768x1024.jpg\" alt=\"\" class=\"wp-image-149\" srcset=\"http:\/\/praxis-jaensch.de\/wp-content\/uploads\/2022\/12\/Linsensalat-768x1024.jpg 768w, http:\/\/praxis-jaensch.de\/wp-content\/uploads\/2022\/12\/Linsensalat-225x300.jpg 225w, http:\/\/praxis-jaensch.de\/wp-content\/uploads\/2022\/12\/Linsensalat-45x60.jpg 45w, http:\/\/praxis-jaensch.de\/wp-content\/uploads\/2022\/12\/Linsensalat.jpg 810w\" sizes=\"(max-width: 768px) 100vw, 768px\" \/><\/figure>\n\n\n\n<figure class=\"wp-block-image size-large\"><img loading=\"lazy\" width=\"768\" height=\"1024\" data-id=\"150\"  src=\"http:\/\/praxis-jaensch.de\/wp-content\/uploads\/2022\/12\/Vollkornnudeln-mit-Gemuesesosse-768x1024.jpg\" alt=\"\" class=\"wp-image-150\" srcset=\"http:\/\/praxis-jaensch.de\/wp-content\/uploads\/2022\/12\/Vollkornnudeln-mit-Gemuesesosse-768x1024.jpg 768w, http:\/\/praxis-jaensch.de\/wp-content\/uploads\/2022\/12\/Vollkornnudeln-mit-Gemuesesosse-225x300.jpg 225w, http:\/\/praxis-jaensch.de\/wp-content\/uploads\/2022\/12\/Vollkornnudeln-mit-Gemuesesosse-45x60.jpg 45w, http:\/\/praxis-jaensch.de\/wp-content\/uploads\/2022\/12\/Vollkornnudeln-mit-Gemuesesosse.jpg 810w\" sizes=\"(max-width: 768px) 100vw, 768px\" \/><\/figure>\n<\/figure>\n","protected":false},"excerpt":{"rendered":"<p>F\u00fcr mehr Rezepte und Tipps und Tricks f\u00fcr eine gesunde und ausgewogene Ern\u00e4hrung folgt mir auf Facebook und Instagram.<\/p>\n","protected":false},"author":1,"featured_media":0,"parent":0,"menu_order":0,"comment_status":"closed","ping_status":"closed","template":"","meta":[],"_links":{"self":[{"href":"http:\/\/praxis-jaensch.de\/index.php?rest_route=\/wp\/v2\/pages\/146"}],"collection":[{"href":"http:\/\/praxis-jaensch.de\/index.php?rest_route=\/wp\/v2\/pages"}],"about":[{"href":"http:\/\/praxis-jaensch.de\/index.php?rest_route=\/wp\/v2\/types\/page"}],"author":[{"embeddable":true,"href":"http:\/\/praxis-jaensch.de\/index.php?rest_route=\/wp\/v2\/users\/1"}],"replies":[{"embeddable":true,"href":"http:\/\/praxis-jaensch.de\/index.php?rest_route=%2Fwp%2Fv2%2Fcomments&post=146"}],"version-history":[{"count":1,"href":"http:\/\/praxis-jaensch.de\/index.php?rest_route=\/wp\/v2\/pages\/146\/revisions"}],"predecessor-version":[{"id":153,"href":"http:\/\/praxis-jaensch.de\/index.php?rest_route=\/wp\/v2\/pages\/146\/revisions\/153"}],"wp:attachment":[{"href":"http:\/\/praxis-jaensch.de\/index.php?rest_route=%2Fwp%2Fv2%2Fmedia&parent=146"}],"curies":[{"name":"wp","href":"https:\/\/api.w.org\/{rel}","templated":true}]}}