{"id":70,"date":"2020-04-05T12:58:25","date_gmt":"2020-04-05T12:58:25","guid":{"rendered":"http:\/\/praxis-jaensch.de\/?page_id=70"},"modified":"2022-12-01T12:55:09","modified_gmt":"2022-12-01T12:55:09","slug":"praxisspektrum","status":"publish","type":"page","link":"http:\/\/praxis-jaensch.de\/?page_id=70","title":{"rendered":"Praxisspektrum"},"content":{"rendered":"\n<ul><li>Kinesiologie, analytisch und psychologisch<\/li><li>Burnout, Beratung, Pr\u00e4vention<\/li><li>Naturheilkunde<\/li><li>individuelle Therapie<\/li><li>Ern\u00e4hrungstherapie<\/li><li>Ern\u00e4hrungsberatung<\/li><li>Lifebalance Coaching<\/li><\/ul>\n\n\n\n<figure class=\"wp-block-image size-large\"><img loading=\"lazy\" width=\"1024\" height=\"432\" src=\"http:\/\/praxis-jaensch.de\/wp-content\/uploads\/2020\/04\/AA0I8250-1024x432.jpg\" alt=\"\" class=\"wp-image-85\" srcset=\"http:\/\/praxis-jaensch.de\/wp-content\/uploads\/2020\/04\/AA0I8250-1024x432.jpg 1024w, http:\/\/praxis-jaensch.de\/wp-content\/uploads\/2020\/04\/AA0I8250-300x127.jpg 300w, http:\/\/praxis-jaensch.de\/wp-content\/uploads\/2020\/04\/AA0I8250-768x324.jpg 768w, http:\/\/praxis-jaensch.de\/wp-content\/uploads\/2020\/04\/AA0I8250-1536x648.jpg 1536w, http:\/\/praxis-jaensch.de\/wp-content\/uploads\/2020\/04\/AA0I8250-2048x864.jpg 2048w, http:\/\/praxis-jaensch.de\/wp-content\/uploads\/2020\/04\/AA0I8250-142x60.jpg 142w\" sizes=\"(max-width: 1024px) 100vw, 1024px\" \/><\/figure>\n\n\n\n<figure class=\"wp-block-image size-large\"><img loading=\"lazy\" width=\"1024\" height=\"576\" src=\"http:\/\/praxis-jaensch.de\/wp-content\/uploads\/2021\/10\/IMG_9469-1024x576.jpg\" alt=\"\" class=\"wp-image-112\" srcset=\"http:\/\/praxis-jaensch.de\/wp-content\/uploads\/2021\/10\/IMG_9469-1024x576.jpg 1024w, http:\/\/praxis-jaensch.de\/wp-content\/uploads\/2021\/10\/IMG_9469-300x169.jpg 300w, http:\/\/praxis-jaensch.de\/wp-content\/uploads\/2021\/10\/IMG_9469-768x432.jpg 768w, http:\/\/praxis-jaensch.de\/wp-content\/uploads\/2021\/10\/IMG_9469-1536x863.jpg 1536w, http:\/\/praxis-jaensch.de\/wp-content\/uploads\/2021\/10\/IMG_9469-2048x1151.jpg 2048w, http:\/\/praxis-jaensch.de\/wp-content\/uploads\/2021\/10\/IMG_9469-107x60.jpg 107w\" sizes=\"(max-width: 1024px) 100vw, 1024px\" \/><figcaption>Meine kleine Praxis<\/figcaption><\/figure>\n\n\n\n<figure class=\"wp-block-image size-large\"><img loading=\"lazy\" width=\"1024\" height=\"923\" src=\"http:\/\/praxis-jaensch.de\/wp-content\/uploads\/2021\/10\/IMG_9451-1024x923.jpg\" alt=\"\" class=\"wp-image-116\" srcset=\"http:\/\/praxis-jaensch.de\/wp-content\/uploads\/2021\/10\/IMG_9451-1024x923.jpg 1024w, http:\/\/praxis-jaensch.de\/wp-content\/uploads\/2021\/10\/IMG_9451-300x271.jpg 300w, http:\/\/praxis-jaensch.de\/wp-content\/uploads\/2021\/10\/IMG_9451-768x693.jpg 768w, http:\/\/praxis-jaensch.de\/wp-content\/uploads\/2021\/10\/IMG_9451-1536x1385.jpg 1536w, http:\/\/praxis-jaensch.de\/wp-content\/uploads\/2021\/10\/IMG_9451-2048x1847.jpg 2048w, http:\/\/praxis-jaensch.de\/wp-content\/uploads\/2021\/10\/IMG_9451-67x60.jpg 67w\" sizes=\"(max-width: 1024px) 100vw, 1024px\" \/><figcaption>Der kinesiologische Test<\/figcaption><\/figure>\n\n\n\n<figure class=\"wp-block-image size-large\"><img loading=\"lazy\" width=\"1024\" height=\"711\" src=\"http:\/\/praxis-jaensch.de\/wp-content\/uploads\/2021\/10\/IMG_9462-1024x711.jpg\" alt=\"\" class=\"wp-image-117\" srcset=\"http:\/\/praxis-jaensch.de\/wp-content\/uploads\/2021\/10\/IMG_9462-1024x711.jpg 1024w, http:\/\/praxis-jaensch.de\/wp-content\/uploads\/2021\/10\/IMG_9462-300x208.jpg 300w, http:\/\/praxis-jaensch.de\/wp-content\/uploads\/2021\/10\/IMG_9462-768x533.jpg 768w, http:\/\/praxis-jaensch.de\/wp-content\/uploads\/2021\/10\/IMG_9462-1536x1066.jpg 1536w, http:\/\/praxis-jaensch.de\/wp-content\/uploads\/2021\/10\/IMG_9462-2048x1421.jpg 2048w, http:\/\/praxis-jaensch.de\/wp-content\/uploads\/2021\/10\/IMG_9462-86x60.jpg 86w\" sizes=\"(max-width: 1024px) 100vw, 1024px\" \/><figcaption>Ern\u00e4hrungsberatung &#8211; auch f\u00fcr Kinder<\/figcaption><\/figure>\n\n\n\n<figure class=\"wp-block-image size-large\"><img loading=\"lazy\" width=\"994\" height=\"1024\" src=\"http:\/\/praxis-jaensch.de\/wp-content\/uploads\/2021\/10\/IMG_9458-994x1024.jpg\" alt=\"\" class=\"wp-image-119\" srcset=\"http:\/\/praxis-jaensch.de\/wp-content\/uploads\/2021\/10\/IMG_9458-994x1024.jpg 994w, http:\/\/praxis-jaensch.de\/wp-content\/uploads\/2021\/10\/IMG_9458-291x300.jpg 291w, http:\/\/praxis-jaensch.de\/wp-content\/uploads\/2021\/10\/IMG_9458-768x791.jpg 768w, http:\/\/praxis-jaensch.de\/wp-content\/uploads\/2021\/10\/IMG_9458-1491x1536.jpg 1491w, http:\/\/praxis-jaensch.de\/wp-content\/uploads\/2021\/10\/IMG_9458-1987x2048.jpg 1987w, http:\/\/praxis-jaensch.de\/wp-content\/uploads\/2021\/10\/IMG_9458-58x60.jpg 58w\" sizes=\"(max-width: 994px) 100vw, 994px\" \/><figcaption>Individuelle Beratung<\/figcaption><\/figure>\n\n\n\n<figure class=\"wp-block-image\"><img alt=\"\"\/><\/figure>\n","protected":false},"excerpt":{"rendered":"<p>Kinesiologie, analytisch und psychologisch Burnout, Beratung, Pr\u00e4vention Naturheilkunde individuelle Therapie Ern\u00e4hrungstherapie Ern\u00e4hrungsberatung Lifebalance Coaching<\/p>\n","protected":false},"author":1,"featured_media":19,"parent":0,"menu_order":0,"comment_status":"closed","ping_status":"closed","template":"","meta":[],"_links":{"self":[{"href":"http:\/\/praxis-jaensch.de\/index.php?rest_route=\/wp\/v2\/pages\/70"}],"collection":[{"href":"http:\/\/praxis-jaensch.de\/index.php?rest_route=\/wp\/v2\/pages"}],"about":[{"href":"http:\/\/praxis-jaensch.de\/index.php?rest_route=\/wp\/v2\/types\/page"}],"author":[{"embeddable":true,"href":"http:\/\/praxis-jaensch.de\/index.php?rest_route=\/wp\/v2\/users\/1"}],"replies":[{"embeddable":true,"href":"http:\/\/praxis-jaensch.de\/index.php?rest_route=%2Fwp%2Fv2%2Fcomments&post=70"}],"version-history":[{"count":5,"href":"http:\/\/praxis-jaensch.de\/index.php?rest_route=\/wp\/v2\/pages\/70\/revisions"}],"predecessor-version":[{"id":142,"href":"http:\/\/praxis-jaensch.de\/index.php?rest_route=\/wp\/v2\/pages\/70\/revisions\/142"}],"wp:featuredmedia":[{"embeddable":true,"href":"http:\/\/praxis-jaensch.de\/index.php?rest_route=\/wp\/v2\/media\/19"}],"wp:attachment":[{"href":"http:\/\/praxis-jaensch.de\/index.php?rest_route=%2Fwp%2Fv2%2Fmedia&parent=70"}],"curies":[{"name":"wp","href":"https:\/\/api.w.org\/{rel}","templated":true}]}}