{"id":72,"date":"2020-04-05T12:58:25","date_gmt":"2020-04-05T12:58:25","guid":{"rendered":"http:\/\/praxis-jaensch.de\/?page_id=72"},"modified":"2020-04-28T09:53:55","modified_gmt":"2020-04-28T09:53:55","slug":"datenschutz-und-impressum","status":"publish","type":"page","link":"http:\/\/praxis-jaensch.de\/?page_id=72","title":{"rendered":"Datenschutz und Impressum"},"content":{"rendered":"\n<p>Heilpraktikerin Edith Jaensch, ebenfalls Verantwortlich f\u00fcr den Inhalt der Homepage nach \u00a755 Abs. 2 RStV<\/p>\n\n\n\n<p>Englbergweg 35, 84036 Landshut <\/p>\n\n\n\n<p>Telefon: 0176 \/ 725 13 299<\/p>\n\n\n\n<p>edith@praxis-jaensch.de<\/p>\n\n\n\n<p>Homepage: www.praxis-jaensch.de<\/p>\n\n\n\n<p>Gesetzliche Berufsbezeichnung: Heilpraktiker (verliehen in der Bundesrepublik Deutschland)<\/p>\n\n\n\n<p>Zust\u00e4ndige Aufsichtsbeh\u00f6rde: Gesundheitsamt Landshut, Veldener Str. , 84036 Landshut<\/p>\n\n\n\n<p>Berufsrechliche Regelungen: Gesetz \u00fcber die berufsm\u00e4\u00dfige Aus\u00fcbung der Heilkunde ohne \u00e4rztliche Bestallung (Heilpraktikergestz) und Durchf\u00fchrungsverordnung:<\/p>\n\n\n\n<p>Nachzulesen im Internet unter:<\/p>\n\n\n\n<div class=\"wp-container-1 wp-block-group\"><div class=\"wp-block-group__inner-container\">\n<p>www.gesetze-im-internet.de\/heilprg\/index.html und<\/p>\n<\/div><\/div>\n\n\n\n<p>www.gesetze-im-internet.de\/heilprgdv_1\/index.html <\/p>\n\n\n\n<p>Umsatzsteuer: Heilkundliche T\u00e4tigkeit ist von der Umsatzsteuer gem\u00e4\u00df \u00a74 Nr. 14 UStG befreit.<\/p>\n\n\n\n<p>Haftungsausschluss: Die Inhalte der Website wurden sorgf\u00e4ltig gepr\u00fcft und nach bestem Wissen erstellt. Der Autor \u00fcbernimmt jedoch keinerlei Gew\u00e4hr f\u00fcr Aktualit\u00e4t, Korrektheit, Vollst\u00e4ndigkeit oder Qualit\u00e4t der bereitgestellten Informationen. Haftungsanspr\u00fcche gegen den Autor, die sich auf Sch\u00e4den materieller und\/oder ideeller Art beziehen, welche durch die Nutzung oder Nichtnutzung der dargebotenen Informationen bzw. durch die Nutzung fehlerhaften und unvollst\u00e4ndiger Informationen verursacht wurden, sind grunds\u00e4tzlich ausgeschlossen, sofern seitens des Autors kein nachweislich vors\u00e4tzliches oder grob fahrl\u00e4ssiges Verschulden vorliegt. <\/p>\n\n\n\n<p>Datenschutz: Der Betreiber dieser Seiten nimmt den Schutz Ihrer pers\u00f6nlichen Daten sehr ernst. Ihre personenbezogenen Daten werden vertraulich und entsprechend der gesetzlichen Datenschutzverordnung behandelt. Die Nutzung dieser Webseite ist in der Regel ohne Angabe personenbezogener Daten m\u00f6glich. Soweit auf diesen Seiten personenbezogene Daten erhoben werden, erfolgt dies, soweit m\u00f6glich, stets auf freiwilliger Basis. Diese Daten werden ohne Ihre ausdr\u00fcckliche Zustimmung nicht an Dritte weitergegeben.  Ich weise darauf hin, dass die Daten\u00fcbertragung im Internet Sicherheitsl\u00fccken aufweisen kann. Ein l\u00fcckenloser Schutz der Daten vor dem Zugriff durch Dritte ists nicht m\u00f6glich.<\/p>\n\n\n\n<figure class=\"wp-block-image size-large\"><img loading=\"lazy\" width=\"1024\" height=\"438\" src=\"http:\/\/praxis-jaensch.de\/wp-content\/uploads\/2020\/04\/AA0I8434-1024x438.jpg\" alt=\"\" class=\"wp-image-98\" srcset=\"http:\/\/praxis-jaensch.de\/wp-content\/uploads\/2020\/04\/AA0I8434-1024x438.jpg 1024w, http:\/\/praxis-jaensch.de\/wp-content\/uploads\/2020\/04\/AA0I8434-300x128.jpg 300w, http:\/\/praxis-jaensch.de\/wp-content\/uploads\/2020\/04\/AA0I8434-768x329.jpg 768w, http:\/\/praxis-jaensch.de\/wp-content\/uploads\/2020\/04\/AA0I8434-1536x657.jpg 1536w, http:\/\/praxis-jaensch.de\/wp-content\/uploads\/2020\/04\/AA0I8434-2048x876.jpg 2048w, http:\/\/praxis-jaensch.de\/wp-content\/uploads\/2020\/04\/AA0I8434-140x60.jpg 140w\" sizes=\"(max-width: 1024px) 100vw, 1024px\" \/><figcaption>Spagyrik Phylak (unbezahlte Werbung)<\/figcaption><\/figure>\n\n\n\n<p><\/p>\n","protected":false},"excerpt":{"rendered":"<p>Heilpraktikerin Edith Jaensch, ebenfalls Verantwortlich f\u00fcr den Inhalt der Homepage nach \u00a755 Abs. 2 RStV Englbergweg 35, 84036 Landshut Telefon: 0176 \/ 725 13 299 edith@praxis-jaensch.de Homepage: www.praxis-jaensch.de Gesetzliche Berufsbezeichnung: &hellip; <\/p>\n","protected":false},"author":1,"featured_media":0,"parent":0,"menu_order":0,"comment_status":"closed","ping_status":"closed","template":"","meta":[],"_links":{"self":[{"href":"http:\/\/praxis-jaensch.de\/index.php?rest_route=\/wp\/v2\/pages\/72"}],"collection":[{"href":"http:\/\/praxis-jaensch.de\/index.php?rest_route=\/wp\/v2\/pages"}],"about":[{"href":"http:\/\/praxis-jaensch.de\/index.php?rest_route=\/wp\/v2\/types\/page"}],"author":[{"embeddable":true,"href":"http:\/\/praxis-jaensch.de\/index.php?rest_route=\/wp\/v2\/users\/1"}],"replies":[{"embeddable":true,"href":"http:\/\/praxis-jaensch.de\/index.php?rest_route=%2Fwp%2Fv2%2Fcomments&post=72"}],"version-history":[{"count":3,"href":"http:\/\/praxis-jaensch.de\/index.php?rest_route=\/wp\/v2\/pages\/72\/revisions"}],"predecessor-version":[{"id":99,"href":"http:\/\/praxis-jaensch.de\/index.php?rest_route=\/wp\/v2\/pages\/72\/revisions\/99"}],"wp:attachment":[{"href":"http:\/\/praxis-jaensch.de\/index.php?rest_route=%2Fwp%2Fv2%2Fmedia&parent=72"}],"curies":[{"name":"wp","href":"https:\/\/api.w.org\/{rel}","templated":true}]}}